{"id":2999,"date":"2025-06-20T17:52:00","date_gmt":"2025-06-20T17:52:00","guid":{"rendered":"https:\/\/autistandopelomundo.com\/?page_id=2999"},"modified":"2025-09-08T19:30:15","modified_gmt":"2025-09-08T19:30:15","slug":"parcerias","status":"publish","type":"page","link":"https:\/\/autistandopelomundo.com\/pt_br\/parcerias\/","title":{"rendered":"Parcerias"},"content":{"rendered":"\t\t<div data-elementor-type=\"wp-page\" data-elementor-id=\"2999\" class=\"elementor elementor-2999\">\n\t\t\t\t<div class=\"elementor-element elementor-element-bb83726 e-flex e-con-boxed e-con e-parent\" data-id=\"bb83726\" data-element_type=\"container\">\n\t\t\t\t\t<div class=\"e-con-inner\">\n\t\t\t\t<div class=\"elementor-element elementor-element-894f7f2 elementor-widget elementor-widget-html\" data-id=\"894f7f2\" data-element_type=\"widget\" data-widget_type=\"html.default\">\n\t\t\t\t<div class=\"elementor-widget-container\">\n\t\t\t\t\t<section style=\"margin-top: 3rem; margin-bottom: 3rem; text-align: center;\">\n\n  <h1 style=\"font-size: 2rem; color: #000;\">\n    Nossas Parcerias de Inclus\u00e3o\n  <\/h1>\n\n  <p style=\"color: #444; line-height: 1.6; max-width: 700px; margin: 1rem auto;\">\n    Aqui no Autistando pelo Mundo, buscamos sempre construir um mundo mais acess\u00edvel e inclusivo. Por isso, criamos parcerias com institui\u00e7\u00f5es, empresas e projetos que compartilham esse prop\u00f3sito. Conhe\u00e7a abaixo nossos parceiros atuais e, se quiser, saiba como sua empresa tamb\u00e9m pode fazer parte desta rede de inclus\u00e3o.\n  <\/p>\n\n  <a href=\"https:\/\/autistandopelomundo.com\/contact\/\" style=\"display: inline-block; margin-top: 1rem; padding: 0.6rem 1.2rem; background-color: #c17b65; color: #fff; text-decoration: none; border-radius: 4px; font-weight: bold; font-size: 0.95rem;\">\n    Quero ser um Parceiro\n  <\/a>\n\n  <h2 style=\"font-size: 1.5rem; color: #c17b65; margin-top: 3rem;\">\n    Parceiros Atuais\n  <\/h2>\n\n  <div style=\"display: flex; justify-content: center; flex-wrap: wrap; gap: 1rem; margin-top: 1.5rem;\">\n\n    <!-- AMA Novo Hamburgo -->\n    <a href=\"https:\/\/autistandopelomundo.com\/parceria-ama-novo-hamburgo\/\" style=\"display: inline-block; border: 2px solid #c17b65; border-radius: 8px; padding: 8px; transition: transform 0.2s, box-shadow 0.2s; text-align: center; width: 220px;\" onmouseover=\"this.style.transform='scale(1.05)'; this.style.boxShadow='0 4px 10px rgba(0,0,0,0.2)';\" onmouseout=\"this.style.transform='scale(1)'; this.style.boxShadow='none';\">\n      <img decoding=\"async\" src=\"https:\/\/autistandopelomundo.com\/wp-content\/uploads\/2025\/06\/AMA-NH.jpg\" alt=\"Logo da AMA Novo Hamburgo - Associa\u00e7\u00e3o de Amigos do Autista\" style=\"max-width: 200px; height: auto; display: block; margin: 0 auto;\">\n      <span style=\"display: block; margin-top: 0.5rem; color: #c17b65; font-weight: bold;\">Ver detalhes da parceria<\/span>\n    <\/a>\n\n    <!-- At\u00edpicos Viajantes -->\n    <a href=\"https:\/\/autistandopelomundo.com\/parceria-atipicos-viajantes\/\" style=\"display: inline-block; border: 2px solid #c17b65; border-radius: 8px; padding: 8px; transition: transform 0.2s, box-shadow 0.2s; text-align: center; width: 220px;\" onmouseover=\"this.style.transform='scale(1.05)'; this.style.boxShadow='0 4px 10px rgba(0,0,0,0.2)';\" onmouseout=\"this.style.transform='scale(1)'; this.style.boxShadow='none';\">\n      <div style=\"width: 200px; height: 200px; margin: 0 auto; display: flex; align-items: center; justify-content: center;\">\n        <img decoding=\"async\" src=\"https:\/\/autistandopelomundo.com\/wp-content\/uploads\/2025\/07\/Untitled-design-1.png\" alt=\"Logo At\u00edpicos Viajantes\" style=\"max-width: 100%; max-height: 100%; object-fit: contain;\">\n      <\/div>\n      <span style=\"display: block; margin-top: 0.5rem; color: #c17b65; font-weight: bold;\">Ver detalhes da parceria<\/span>\n    <\/a>\n\n    <!-- AMA Dois Irm\u00e3os -->\n    <a href=\"https:\/\/autistandopelomundo.com\/pt_br\/parceria-ama-dois-irmaos\/\" style=\"display: inline-block; border: 2px solid #c17b65; border-radius: 8px; padding: 8px; transition: transform 0.2s, box-shadow 0.2s; text-align: center; width: 220px;\" onmouseover=\"this.style.transform='scale(1.05)'; this.style.boxShadow='0 4px 10px rgba(0,0,0,0.2)';\" onmouseout=\"this.style.transform='scale(1)'; this.style.boxShadow='none';\">\n      <div style=\"width: 200px; height: 200px; margin: 0 auto; display: flex; align-items: center; justify-content: center;\">\n        <img decoding=\"async\" src=\"https:\/\/autistandopelomundo.com\/wp-content\/uploads\/2025\/06\/Screenshot_2025-09-06-19-56-09-989_com.google.android.googlequicksearchbox.jpg\" alt=\"Logo da AMA Dois Irm\u00e3os - Associa\u00e7\u00e3o de Amigos do Autista\" style=\"max-width: 100%; max-height: 100%; object-fit: contain;\">\n      <\/div>\n      <span style=\"display: block; margin-top: 0.5rem; color: #c17b65; font-weight: bold;\">Ver detalhes da parceria<\/span>\n    <\/a>\n\n  <\/div>\n<\/section>\t\t\t\t<\/div>\n\t\t\t\t<\/div>\n\t\t\t\t\t<\/div>\n\t\t\t\t<\/div>\n\t\t<div class=\"elementor-element elementor-element-b2c77ce e-flex e-con-boxed e-con e-parent\" data-id=\"b2c77ce\" data-element_type=\"container\">\n\t\t\t\t\t<div class=\"e-con-inner\">\n\t\t\t\t<div class=\"elementor-element elementor-element-ef7d24e elementor-widget elementor-widget-html\" data-id=\"ef7d24e\" data-element_type=\"widget\" data-widget_type=\"html.default\">\n\t\t\t\t<div class=\"elementor-widget-container\">\n\t\t\t\t\t<p style=\"text-align: center; font-size: 14px; color: #555;\">\r\n\ud83d\udcf8 <strong>Cr\u00e9ditos das imagens<\/strong>: Utilizamos fotos pr\u00f3prias e imagens de divulga\u00e7\u00e3o de atrativos, parques, eventos e parceiros, sempre respeitando direitos autorais e de uso.\r\n<\/p>\t\t\t\t<\/div>\n\t\t\t\t<\/div>\n\t\t\t\t\t<\/div>\n\t\t\t\t<\/div>\n\t\t<div class=\"elementor-element elementor-element-8b9151d e-flex e-con-boxed e-con e-parent\" data-id=\"8b9151d\" data-element_type=\"container\">\n\t\t\t\t\t<div class=\"e-con-inner\">\n\t\t\t\t<div class=\"elementor-element elementor-element-bd9765c elementor-widget elementor-widget-html\" data-id=\"bd9765c\" data-element_type=\"widget\" data-widget_type=\"html.default\">\n\t\t\t\t<div class=\"elementor-widget-container\">\n\t\t\t\t\t<!-- AD: bloco manual (colar em um bloco HTML da p\u00e1gina) -->\r\n<div class=\"anuncio-manual\">\r\n  <ins class=\"adsbygoogle\"\r\n       style=\"display:block;min-height:280px;width:100%\"\r\n       data-ad-client=\"ca-pub-9307362538085970\"\r\n       data-ad-slot=\"8361763521\"\r\n       data-ad-format=\"auto\"\r\n       data-full-width-responsive=\"true\"><\/ins>\r\n<\/div>\r\n\r\n<script>\r\n(function () {\r\n  \/\/ Carrega o script do AdSense s\u00f3 uma vez\r\n  if (!window.__adsbygoogleLoaded) {\r\n    var s = document.createElement('script');\r\n    s.async = true;\r\n    s.src =\r\n      'https:\/\/pagead2.googlesyndication.com\/pagead\/js\/adsbygoogle.js?client=ca-pub-9307362538085970';\r\n    s.crossOrigin = 'anonymous';\r\n    document.head.appendChild(s);\r\n    window.__adsbygoogleLoaded = true;\r\n  }\r\n\r\n  function pushAd() {\r\n    (window.adsbygoogle = window.adsbygoogle || []).push({});\r\n  }\r\n\r\n  \/\/ Integra\u00e7\u00e3o com Complianz (dispara s\u00f3 quando marketing estiver permitido)\r\n  if (typeof window.cmplz_consent_status !== 'undefined') {\r\n    var st = window.cmplz_consent_status;\r\n    if (st.marketing === 'allow' || st.marketing === 'consent') {\r\n      pushAd();\r\n    } else {\r\n      \/\/ Quando o usu\u00e1rio aceitar marketing, dispara 1x\r\n      document.addEventListener('cmplz_status_marketing', pushAd, { once: true });\r\n    }\r\n  } else {\r\n    \/\/ Sem Complianz: empurra quando a p\u00e1gina carregar\r\n    if (document.readyState === 'complete') pushAd();\r\n    else window.addEventListener('load', pushAd, { once: true });\r\n  }\r\n})();\r\n<\/script>\r\n\t\t\t\t<\/div>\n\t\t\t\t<\/div>\n\t\t\t\t\t<\/div>\n\t\t\t\t<\/div>\n\t\t<div class=\"elementor-element elementor-element-9428eef e-flex e-con-boxed e-con e-parent\" data-id=\"9428eef\" data-element_type=\"container\">\n\t\t\t\t\t<div class=\"e-con-inner\">\n\t\t\t\t<div class=\"elementor-element elementor-element-2e5ac93 elementor-widget elementor-widget-html\" data-id=\"2e5ac93\" data-element_type=\"widget\" data-widget_type=\"html.default\">\n\t\t\t\t<div class=\"elementor-widget-container\">\n\t\t\t\t\t<section style=\"background-color: #bc7a65; color: white; text-align: center; padding: 50px 20px;\">\r\n  <h2 style=\"font-size: 28px; margin-bottom: 20px;\">Quer tornar o turismo mais inclusivo?<\/h2>\r\n  <p style=\"max-width: 800px; margin: 0 auto 30px auto; font-size: 16px;\">\r\n    Estamos abertos a parcerias com espa\u00e7os acess\u00edveis, pousadas inclusivas e projetos que valorizem a diversidade.<br>\r\n    Entre em contato e vamos conversar!\r\n  <\/p>\r\n  <a href=\"\/contact\/\" style=\"display: inline-block; background-color: white; color: #bc7a65; padding: 10px 25px; text-decoration: none; font-weight: bold; border-radius: 4px;\">\r\n    VAMOS CONVERSAR!\r\n  <\/a>\r\n<\/section>\t\t\t\t<\/div>\n\t\t\t\t<\/div>\n\t\t\t\t\t<\/div>\n\t\t\t\t<\/div>\n\t\t\t\t<\/div>\n\t\t","protected":false},"excerpt":{"rendered":"<p>Nossas Parcerias de Inclus\u00e3o Aqui no Autistando pelo Mundo, buscamos sempre construir um mundo mais acess\u00edvel e inclusivo. Por isso, criamos parcerias com institui\u00e7\u00f5es, empresas e projetos que compartilham esse prop\u00f3sito. Conhe\u00e7a abaixo nossos parceiros atuais e, se quiser, saiba como sua empresa tamb\u00e9m pode fazer parte desta rede de inclus\u00e3o. Quero ser um Parceiro [&hellip;]<\/p>\n","protected":false},"author":1,"featured_media":0,"parent":0,"menu_order":0,"comment_status":"closed","ping_status":"closed","template":"","meta":{"om_disable_all_campaigns":false,"_uag_custom_page_level_css":"","_monsterinsights_skip_tracking":false,"_monsterinsights_sitenote_active":false,"_monsterinsights_sitenote_note":"","_monsterinsights_sitenote_category":0,"site-sidebar-layout":"no-sidebar","site-content-layout":"page-builder","ast-site-content-layout":"full-width-container","site-content-style":"default","site-sidebar-style":"default","ast-global-header-display":"","ast-banner-title-visibility":"","ast-main-header-display":"","ast-hfb-above-header-display":"","ast-hfb-below-header-display":"","ast-hfb-mobile-header-display":"","site-post-title":"disabled","ast-breadcrumbs-content":"","ast-featured-img":"disabled","footer-sml-layout":"","theme-transparent-header-meta":"","adv-header-id-meta":"","stick-header-meta":"","header-above-stick-meta":"","header-main-stick-meta":"","header-below-stick-meta":"","astra-migrate-meta-layouts":"set","ast-page-background-enabled":"default","ast-page-background-meta":{"desktop":{"background-color":"","background-image":"","background-repeat":"repeat","background-position":"center center","background-size":"auto","background-attachment":"scroll","background-type":"","background-media":"","overlay-type":"","overlay-color":"","overlay-opacity":"","overlay-gradient":""},"tablet":{"background-color":"","background-image":"","background-repeat":"repeat","background-position":"center center","background-size":"auto","background-attachment":"scroll","background-type":"","background-media":"","overlay-type":"","overlay-color":"","overlay-opacity":"","overlay-gradient":""},"mobile":{"background-color":"","background-image":"","background-repeat":"repeat","background-position":"center center","background-size":"auto","background-attachment":"scroll","background-type":"","background-media":"","overlay-type":"","overlay-color":"","overlay-opacity":"","overlay-gradient":""}},"ast-content-background-meta":{"desktop":{"background-color":"var(--ast-global-color-5)","background-image":"","background-repeat":"repeat","background-position":"center center","background-size":"auto","background-attachment":"scroll","background-type":"","background-media":"","overlay-type":"","overlay-color":"","overlay-opacity":"","overlay-gradient":""},"tablet":{"background-color":"var(--ast-global-color-5)","background-image":"","background-repeat":"repeat","background-position":"center center","background-size":"auto","background-attachment":"scroll","background-type":"","background-media":"","overlay-type":"","overlay-color":"","overlay-opacity":"","overlay-gradient":""},"mobile":{"background-color":"var(--ast-global-color-5)","background-image":"","background-repeat":"repeat","background-position":"center center","background-size":"auto","background-attachment":"scroll","background-type":"","background-media":"","overlay-type":"","overlay-color":"","overlay-opacity":"","overlay-gradient":""}},"footnotes":""},"class_list":["post-2999","page","type-page","status-publish","hentry"],"yoast_head":"<!-- This site is optimized with the Yoast SEO plugin v26.0 - https:\/\/yoast.com\/wordpress\/plugins\/seo\/ -->\n<title>Parcerias - Autistando pelo Mundo<\/title>\n<meta name=\"description\" content=\"Conhe\u00e7a as empresas que apoiam o turismo acess\u00edvel e inclusivo junto com o Autistando pelo Mundo. Saiba como se tornar nosso parceiro.\" \/>\n<meta name=\"robots\" content=\"index, follow, max-snippet:-1, max-image-preview:large, max-video-preview:-1\" \/>\n<link rel=\"canonical\" href=\"https:\/\/autistandopelomundo.com\/pt_br\/parcerias\/\" \/>\n<meta property=\"og:locale\" content=\"pt_BR\" \/>\n<meta property=\"og:type\" content=\"article\" \/>\n<meta property=\"og:title\" content=\"Parcerias - Autistando pelo Mundo\" \/>\n<meta property=\"og:description\" content=\"Conhe\u00e7a as empresas que apoiam o turismo acess\u00edvel e inclusivo junto com o Autistando pelo Mundo. Saiba como se tornar nosso parceiro.\" \/>\n<meta property=\"og:url\" content=\"https:\/\/autistandopelomundo.com\/pt_br\/parcerias\/\" \/>\n<meta property=\"og:site_name\" content=\"autistandopelomundo.com\" \/>\n<meta property=\"article:publisher\" content=\"https:\/\/www.facebook.com\/share\/19NpuEeVon\/&quot; target=&quot;_blank\" \/>\n<meta property=\"article:modified_time\" content=\"2025-09-08T19:30:15+00:00\" \/>\n<meta property=\"og:image\" content=\"https:\/\/autistandopelomundo.com\/wp-content\/uploads\/2025\/06\/AMA-NH.jpg\" \/>\n<meta name=\"twitter:card\" content=\"summary_large_image\" \/>\n<meta name=\"twitter:label1\" content=\"Est. tempo de leitura\" \/>\n\t<meta name=\"twitter:data1\" content=\"2 minutos\" \/>\n<script type=\"application\/ld+json\" class=\"yoast-schema-graph\">{\"@context\":\"https:\/\/schema.org\",\"@graph\":[{\"@type\":\"WebPage\",\"@id\":\"https:\/\/autistandopelomundo.com\/parcerias\/\",\"url\":\"https:\/\/autistandopelomundo.com\/parcerias\/\",\"name\":\"Parcerias - Autistando pelo Mundo\",\"isPartOf\":{\"@id\":\"https:\/\/autistandopelomundo.com\/pt_br\/#website\"},\"primaryImageOfPage\":{\"@id\":\"https:\/\/autistandopelomundo.com\/parcerias\/#primaryimage\"},\"image\":{\"@id\":\"https:\/\/autistandopelomundo.com\/parcerias\/#primaryimage\"},\"thumbnailUrl\":\"https:\/\/autistandopelomundo.com\/wp-content\/uploads\/2025\/06\/AMA-NH.jpg\",\"datePublished\":\"2025-06-20T17:52:00+00:00\",\"dateModified\":\"2025-09-08T19:30:15+00:00\",\"description\":\"Conhe\u00e7a as empresas que apoiam o turismo acess\u00edvel e inclusivo junto com o Autistando pelo Mundo. Saiba como se tornar nosso parceiro.\",\"breadcrumb\":{\"@id\":\"https:\/\/autistandopelomundo.com\/parcerias\/#breadcrumb\"},\"inLanguage\":\"pt-BR\",\"potentialAction\":[{\"@type\":\"ReadAction\",\"target\":[\"https:\/\/autistandopelomundo.com\/parcerias\/\"]}]},{\"@type\":\"ImageObject\",\"inLanguage\":\"pt-BR\",\"@id\":\"https:\/\/autistandopelomundo.com\/parcerias\/#primaryimage\",\"url\":\"https:\/\/autistandopelomundo.com\/wp-content\/uploads\/2025\/06\/AMA-NH.jpg\",\"contentUrl\":\"https:\/\/autistandopelomundo.com\/wp-content\/uploads\/2025\/06\/AMA-NH.jpg\"},{\"@type\":\"BreadcrumbList\",\"@id\":\"https:\/\/autistandopelomundo.com\/parcerias\/#breadcrumb\",\"itemListElement\":[{\"@type\":\"ListItem\",\"position\":1,\"name\":\"Home\",\"item\":\"https:\/\/autistandopelomundo.com\/\"},{\"@type\":\"ListItem\",\"position\":2,\"name\":\"Parcerias\"}]},{\"@type\":\"WebSite\",\"@id\":\"https:\/\/autistandopelomundo.com\/pt_br\/#website\",\"url\":\"https:\/\/autistandopelomundo.com\/pt_br\/\",\"name\":\"autistandopelomundo.com\",\"description\":\"\",\"publisher\":{\"@id\":\"https:\/\/autistandopelomundo.com\/pt_br\/#\/schema\/person\/86ed63624e4f7a13567af4b8d8bd20c6\"},\"potentialAction\":[{\"@type\":\"SearchAction\",\"target\":{\"@type\":\"EntryPoint\",\"urlTemplate\":\"https:\/\/autistandopelomundo.com\/pt_br\/?s={search_term_string}\"},\"query-input\":{\"@type\":\"PropertyValueSpecification\",\"valueRequired\":true,\"valueName\":\"search_term_string\"}}],\"inLanguage\":\"pt-BR\"},{\"@type\":[\"Person\",\"Organization\"],\"@id\":\"https:\/\/autistandopelomundo.com\/pt_br\/#\/schema\/person\/86ed63624e4f7a13567af4b8d8bd20c6\",\"name\":\"vitoriaahm@gmail.com\",\"image\":{\"@type\":\"ImageObject\",\"inLanguage\":\"pt-BR\",\"@id\":\"https:\/\/autistandopelomundo.com\/pt_br\/#\/schema\/person\/image\/\",\"url\":\"https:\/\/autistandopelomundo.com\/wp-content\/uploads\/2025\/06\/cropped-ChatGPT-Image-12-de-jun.-de-2025-10_18_21.png\",\"contentUrl\":\"https:\/\/autistandopelomundo.com\/wp-content\/uploads\/2025\/06\/cropped-ChatGPT-Image-12-de-jun.-de-2025-10_18_21.png\",\"width\":1058,\"height\":463,\"caption\":\"vitoriaahm@gmail.com\"},\"logo\":{\"@id\":\"https:\/\/autistandopelomundo.com\/pt_br\/#\/schema\/person\/image\/\"},\"sameAs\":[\"http:\/\/autistandopelomundo.com\",\"https:\/\/www.facebook.com\/share\/19NpuEeVon\/\\\" target=\\\"_blank\",\"https:\/\/www.instagram.com\/autistandopelomundo\/?igsh=bWdmaTd0aGsydDhj#\",\"https:\/\/pin.it\/76u8YFgMq\\\" target=\"]}]}<\/script>\n<!-- \/ Yoast SEO plugin. -->","yoast_head_json":{"title":"Parcerias - Autistando pelo Mundo","description":"Conhe\u00e7a as empresas que apoiam o turismo acess\u00edvel e inclusivo junto com o Autistando pelo Mundo. Saiba como se tornar nosso parceiro.","robots":{"index":"index","follow":"follow","max-snippet":"max-snippet:-1","max-image-preview":"max-image-preview:large","max-video-preview":"max-video-preview:-1"},"canonical":"https:\/\/autistandopelomundo.com\/pt_br\/parcerias\/","og_locale":"pt_BR","og_type":"article","og_title":"Parcerias - Autistando pelo Mundo","og_description":"Conhe\u00e7a as empresas que apoiam o turismo acess\u00edvel e inclusivo junto com o Autistando pelo Mundo. Saiba como se tornar nosso parceiro.","og_url":"https:\/\/autistandopelomundo.com\/pt_br\/parcerias\/","og_site_name":"autistandopelomundo.com","article_publisher":"https:\/\/www.facebook.com\/share\/19NpuEeVon\/\" target=\"_blank","article_modified_time":"2025-09-08T19:30:15+00:00","og_image":[{"url":"https:\/\/autistandopelomundo.com\/wp-content\/uploads\/2025\/06\/AMA-NH.jpg","type":"","width":"","height":""}],"twitter_card":"summary_large_image","twitter_misc":{"Est. tempo de leitura":"2 minutos"},"schema":{"@context":"https:\/\/schema.org","@graph":[{"@type":"WebPage","@id":"https:\/\/autistandopelomundo.com\/parcerias\/","url":"https:\/\/autistandopelomundo.com\/parcerias\/","name":"Parcerias - Autistando pelo Mundo","isPartOf":{"@id":"https:\/\/autistandopelomundo.com\/pt_br\/#website"},"primaryImageOfPage":{"@id":"https:\/\/autistandopelomundo.com\/parcerias\/#primaryimage"},"image":{"@id":"https:\/\/autistandopelomundo.com\/parcerias\/#primaryimage"},"thumbnailUrl":"https:\/\/autistandopelomundo.com\/wp-content\/uploads\/2025\/06\/AMA-NH.jpg","datePublished":"2025-06-20T17:52:00+00:00","dateModified":"2025-09-08T19:30:15+00:00","description":"Conhe\u00e7a as empresas que apoiam o turismo acess\u00edvel e inclusivo junto com o Autistando pelo Mundo. Saiba como se tornar nosso parceiro.","breadcrumb":{"@id":"https:\/\/autistandopelomundo.com\/parcerias\/#breadcrumb"},"inLanguage":"pt-BR","potentialAction":[{"@type":"ReadAction","target":["https:\/\/autistandopelomundo.com\/parcerias\/"]}]},{"@type":"ImageObject","inLanguage":"pt-BR","@id":"https:\/\/autistandopelomundo.com\/parcerias\/#primaryimage","url":"https:\/\/autistandopelomundo.com\/wp-content\/uploads\/2025\/06\/AMA-NH.jpg","contentUrl":"https:\/\/autistandopelomundo.com\/wp-content\/uploads\/2025\/06\/AMA-NH.jpg"},{"@type":"BreadcrumbList","@id":"https:\/\/autistandopelomundo.com\/parcerias\/#breadcrumb","itemListElement":[{"@type":"ListItem","position":1,"name":"Home","item":"https:\/\/autistandopelomundo.com\/"},{"@type":"ListItem","position":2,"name":"Parcerias"}]},{"@type":"WebSite","@id":"https:\/\/autistandopelomundo.com\/pt_br\/#website","url":"https:\/\/autistandopelomundo.com\/pt_br\/","name":"autistandopelomundo.com","description":"","publisher":{"@id":"https:\/\/autistandopelomundo.com\/pt_br\/#\/schema\/person\/86ed63624e4f7a13567af4b8d8bd20c6"},"potentialAction":[{"@type":"SearchAction","target":{"@type":"EntryPoint","urlTemplate":"https:\/\/autistandopelomundo.com\/pt_br\/?s={search_term_string}"},"query-input":{"@type":"PropertyValueSpecification","valueRequired":true,"valueName":"search_term_string"}}],"inLanguage":"pt-BR"},{"@type":["Person","Organization"],"@id":"https:\/\/autistandopelomundo.com\/pt_br\/#\/schema\/person\/86ed63624e4f7a13567af4b8d8bd20c6","name":"vitoriaahm@gmail.com","image":{"@type":"ImageObject","inLanguage":"pt-BR","@id":"https:\/\/autistandopelomundo.com\/pt_br\/#\/schema\/person\/image\/","url":"https:\/\/autistandopelomundo.com\/wp-content\/uploads\/2025\/06\/cropped-ChatGPT-Image-12-de-jun.-de-2025-10_18_21.png","contentUrl":"https:\/\/autistandopelomundo.com\/wp-content\/uploads\/2025\/06\/cropped-ChatGPT-Image-12-de-jun.-de-2025-10_18_21.png","width":1058,"height":463,"caption":"vitoriaahm@gmail.com"},"logo":{"@id":"https:\/\/autistandopelomundo.com\/pt_br\/#\/schema\/person\/image\/"},"sameAs":["http:\/\/autistandopelomundo.com","https:\/\/www.facebook.com\/share\/19NpuEeVon\/\" target=\"_blank","https:\/\/www.instagram.com\/autistandopelomundo\/?igsh=bWdmaTd0aGsydDhj#","https:\/\/pin.it\/76u8YFgMq\" target="]}]}},"uagb_featured_image_src":{"full":false,"thumbnail":false,"medium":false,"medium_large":false,"large":false,"1536x1536":false,"2048x2048":false,"trp-custom-language-flag":false},"uagb_author_info":{"display_name":"vitoriaahm@gmail.com","author_link":"https:\/\/autistandopelomundo.com\/pt_br\/author\/vitoriaahmgmail-com\/"},"uagb_comment_info":0,"uagb_excerpt":"Nossas Parcerias de Inclus\u00e3o Aqui no Autistando pelo Mundo, buscamos sempre construir um mundo mais acess\u00edvel e inclusivo. Por isso, criamos parcerias com institui\u00e7\u00f5es, empresas e projetos que compartilham esse prop\u00f3sito. Conhe\u00e7a abaixo nossos parceiros atuais e, se quiser, saiba como sua empresa tamb\u00e9m pode fazer parte desta rede de inclus\u00e3o. Quero ser um Parceiro&hellip;","_links":{"self":[{"href":"https:\/\/autistandopelomundo.com\/pt_br\/wp-json\/wp\/v2\/pages\/2999","targetHints":{"allow":["GET"]}}],"collection":[{"href":"https:\/\/autistandopelomundo.com\/pt_br\/wp-json\/wp\/v2\/pages"}],"about":[{"href":"https:\/\/autistandopelomundo.com\/pt_br\/wp-json\/wp\/v2\/types\/page"}],"author":[{"embeddable":true,"href":"https:\/\/autistandopelomundo.com\/pt_br\/wp-json\/wp\/v2\/users\/1"}],"replies":[{"embeddable":true,"href":"https:\/\/autistandopelomundo.com\/pt_br\/wp-json\/wp\/v2\/comments?post=2999"}],"version-history":[{"count":37,"href":"https:\/\/autistandopelomundo.com\/pt_br\/wp-json\/wp\/v2\/pages\/2999\/revisions"}],"predecessor-version":[{"id":5373,"href":"https:\/\/autistandopelomundo.com\/pt_br\/wp-json\/wp\/v2\/pages\/2999\/revisions\/5373"}],"wp:attachment":[{"href":"https:\/\/autistandopelomundo.com\/pt_br\/wp-json\/wp\/v2\/media?parent=2999"}],"curies":[{"name":"wp","href":"https:\/\/api.w.org\/{rel}","templated":true}]}}