{"id":3,"date":"2025-06-11T12:28:48","date_gmt":"2025-06-11T12:28:48","guid":{"rendered":"http:\/\/autistandopelomundo.com\/?page_id=3"},"modified":"2025-10-02T12:10:02","modified_gmt":"2025-10-02T12:10:02","slug":"privacy-policy","status":"publish","type":"page","link":"https:\/\/autistandopelomundo.com\/en\/privacy-policy\/","title":{"rendered":"Policy and Privacy"},"content":{"rendered":"<div class=\"wp-block-uagb-container uagb-block-0fe9ff07 alignfull uagb-is-root-container\"><div class=\"uagb-container-inner-blocks-wrap\">\n<section style=\"margin-top:3rem;margin-bottom:3rem;\">\n  <h1 style=\"font-size:2rem;margin-bottom:1rem;color:#000;\">\n    Privacy Policy | Autism Around the World\n  <\/h1>\n\n  <p style=\"color:#444;line-height:1.6;font-size:1rem;\">\n    This <strong>Privacy Policy<\/strong> describes how the <strong>Autistics Around the World<\/strong> \n    (<a href=\"https:\/\/autistandopelomundo.com\/en\/\" style=\"color:#f29c3e;text-decoration:underline;\">autistandopelomundo.com<\/a>) collects, processes and protects personal data of visitors and users, in accordance with the \n    <strong>General Data Protection Law (LGPD \u2013 Law No. 13,709\/2018)<\/strong> and with Google&#039;s mandatory policies for <strong>AdSense<\/strong> and <strong>Analytics<\/strong>.\n  <\/p>\n\n  <!-- 1. Controlador -->\n  <h2 style=\"font-size:1.5rem;color:#c17b65;margin-top:2rem;\">1. Data Controller<\/h2>\n  <p style=\"color:#666;line-height:1.6;\">\n    Data controller: <strong>Autistics Around the World<\/strong>.<br>\n    DPO\/Manager contact email: \n    <a href=\"mailto:contato@autistandopelomundo.com\" style=\"color:#f29c3e;text-decoration:underline;\">contato@autistandopelomundo.com<\/a> \n    (or use our page) \n    <a href=\"https:\/\/autistandopelomundo.com\/en\/contact\/\" style=\"color:#f29c3e;text-decoration:underline;font-weight:bold;\">Contact<\/a>).\n  <\/p>\n\n  <!-- 2. Quais dados coletamos -->\n  <h2 style=\"font-size:1.5rem;color:#c17b65;margin-top:2rem;\">2. What data we collect<\/h2>\n  <ul style=\"color:#666;line-height:1.8;margin-left:1.2rem;\">\n    <li><strong>Navigation data<\/strong>: IP address (with possibility of anonymization), browser type\/version, pages visited, time of visit, traffic source and similar technical data.<\/li>\n    <li><strong>Cookies and online identifiers<\/strong>: to remember preferences, measure audience, personalize content\/ads and fulfill consent requirements.<\/li>\n    <li><strong>Forms\/Contact<\/strong>: name, email and content of the message voluntarily sent by you.<\/li>\n    <li><strong>Comments<\/strong>: data shown in the comment form, IP and user agent (to help with spam detection). If available, we may use the Google reCAPTCHA service for anti-spam protection.<\/li>\n    <li><strong>Media<\/strong> (where applicable): If you upload images, avoid including location data (EXIF GPS).<\/li>\n  <\/ul>\n\n  <!-- 3. Como usamos os dados \/ Bases legais -->\n  <h2 style=\"font-size:1.5rem;color:#c17b65;margin-top:2rem;\">3. How we use data (legal bases)<\/h2>\n  <ul style=\"color:#666;line-height:1.8;margin-left:1.2rem;\">\n    <li><strong>Functional execution<\/strong>: reply to messages sent via the form, publish and moderate comments.<\/li>\n    <li><strong>Legitimate interests<\/strong>: security, fraud prevention, performance and usability improvements (aggregated\/anonymized data).<\/li>\n    <li><strong>Consent<\/strong>: use of non-essential cookies (marketing, advanced statistics) and ad personalization.<\/li>\n    <li><strong>Legal obligation<\/strong>: comply with orders from authorities\/justice, when applicable.<\/li>\n  <\/ul>\n\n  <!-- 4. Cookies e Consentimento -->\n  <h2 style=\"font-size:1.5rem;color:#c17b65;margin-top:2rem;\">4. Cookies and Consent<\/h2>\n  <p style=\"color:#666;line-height:1.6;\">\n    We use a cookie consent manager (banner\/preference center) so you can choose which categories you authorize. You can <strong>review your choices at any time<\/strong> in:\n    <a href=\"https:\/\/autistandopelomundo.com\/en\/#cmplz-manage-consent\" style=\"color:#f29c3e;text-decoration:underline;\">Manage cookie preferences<\/a>.\n  <\/p>\n  <ul style=\"color:#666;line-height:1.8;margin-left:1.2rem;\">\n    <li><strong>Essentials<\/strong>: necessary for the website to function (always active).<\/li>\n    <li><strong>Statistics\/Analytics<\/strong>: measure audience and help improve the experience.<\/li>\n    <li><strong>Marketing<\/strong>: Used for ad personalization and measurement.<\/li>\n  <\/ul>\n\n  <!-- 5. Cl\u00e1usulas Google AdSense\/Analytics (ampliada) -->\n  <h2 style=\"font-size:1.5rem;color:#c17b65;margin-top:2rem;\">5. Google AdSense and Google Analytics<\/h2>\n  <p style=\"color:#666;line-height:1.6;\">\n    This site uses <strong>Google AdSense<\/strong> (advertising) and <strong>Google Analytics<\/strong> (audience measurement). Google may use cookies and identifiers to serve ads based on your visits to this and\/or other websites and to measure their effectiveness. <em>When enabled<\/em>, ads can also be served by <strong>Google Certified Partners<\/strong>\n    (e.g., Authorized Buyers\/Open Bidding), which may set cookies for personalization and measurement.\n  <\/p>\n  <ul style=\"color:#666;line-height:1.8;margin-left:1.2rem;\">\n    <li><strong>Personalized advertising<\/strong>: you can disable it in \n      <a href=\"https:\/\/adssettings.google.com\" target=\"_blank\" rel=\"noopener\" style=\"color:#f29c3e;text-decoration:underline;\">Ads Settings<\/a> \n      (Google). You can also opt out of receiving personalized advertising on industry pages. \n      <a href=\"https:\/\/www.aboutads.info\/choices\/\" target=\"_blank\" rel=\"noopener\" style=\"color:#f29c3e;text-decoration:underline;\">AboutAds<\/a> (USA),\n      <a href=\"https:\/\/www.youronlinechoices.eu\/\" target=\"_blank\" rel=\"noopener\" style=\"color:#f29c3e;text-decoration:underline;\">YourOnlineChoices<\/a> (EU) and\n      <a href=\"https:\/\/optout.networkadvertising.org\/\" target=\"_blank\" rel=\"noopener\" style=\"color:#f29c3e;text-decoration:underline;\">NAI Opt-out<\/a>.\n    <\/li>\n    <li><strong>How Google Uses Data<\/strong>: see \n      <a href=\"https:\/\/policies.google.com\/technologies\/ads\" target=\"_blank\" rel=\"noopener\" style=\"color:#f29c3e;text-decoration:underline;\">Advertising Technologies<\/a>,\n      <a href=\"https:\/\/policies.google.com\/privacy\" target=\"_blank\" rel=\"noopener\" style=\"color:#f29c3e;text-decoration:underline;\">Privacy Policy<\/a> and\n      <a href=\"https:\/\/policies.google.com\/technologies\/partner-sites\" target=\"_blank\" rel=\"noopener\" style=\"color:#f29c3e;text-decoration:underline;\">How Google uses information from partner sites and apps<\/a>.\n    <\/li>\n    <li><strong>Google Only<\/strong>: If \u201cthird-party networks\u201d are disabled in AdSense, ads will only be served by Google.<\/li>\n    <li><strong>Analytics<\/strong>: We may enable IP anonymization and compatible data retention controls. You can opt out of measurement with the \n      <a href=\"https:\/\/tools.google.com\/dlpage\/gaoptout\" target=\"_blank\" rel=\"noopener\" style=\"color:#f29c3e;text-decoration:underline;\">Google Analytics Opt-Out Add-on<\/a>.\n    <\/li>\n  <\/ul>\n\n  <!-- 6. Compartilhamento -->\n  <h2 style=\"font-size:1.5rem;color:#c17b65;margin-top:2rem;\">6. Data Sharing<\/h2>\n  <p style=\"color:#666;line-height:1.6;\">\n    We do not sell personal data. We only share it with providers that act on our behalf (e.g., hosting and analytics\/advertising tools), always under obligations of confidentiality and confidentiality, or when required by law\/court order.\n  <\/p>\n\n  <!-- 7. Reten\u00e7\u00e3o -->\n  <h2 style=\"font-size:1.5rem;color:#c17b65;margin-top:2rem;\">7. Retention and Security<\/h2>\n  <ul style=\"color:#666;line-height:1.8;margin-left:1.2rem;\">\n    <li><strong>Comments<\/strong>: Metadata may be kept indefinitely for moderation\/cheating.<\/li>\n    <li><strong>Contact forms<\/strong>: we keep it for the time necessary for service and records (e.g.: up to 12 months, unless legally obliged).<\/li>\n    <li><strong>Logs and Analytics<\/strong>: timeframes defined by the tool (e.g., 14\u201326 months) or aggregated\/anonymized.<\/li>\n  <\/ul>\n  <p style=\"color:#666;line-height:1.6;\">\n    We adopt technical and organizational security measures commensurate with the size of the website. However, no electronic transmission or storage is 100% secure.\n  <\/p>\n\n  <!-- 8. Direitos LGPD -->\n  <h2 style=\"font-size:1.5rem;color:#c17b65;margin-top:2rem;\">8. Your rights (LGPD)<\/h2>\n  <p style=\"color:#666;line-height:1.6;\">\n    You can request: confirmation of treatment, access, correction, anonymization, portability, deletion of unnecessary data, information about sharing and <strong>revocation of consent<\/strong>. Send your request by email \n    <a href=\"mailto:contato@autistandopelomundo.com\" style=\"color:#f29c3e;text-decoration:underline;\">contato@autistandopelomundo.com<\/a> \n    or by \n    <a href=\"https:\/\/autistandopelomundo.com\/en\/contact\/\" style=\"color:#f29c3e;text-decoration:underline;font-weight:bold;\">Contact page<\/a>.\n  <\/p>\n\n  <!-- 9. Crian\u00e7as -->\n  <h2 style=\"font-size:1.5rem;color:#c17b65;margin-top:2rem;\">9. Children and adolescents<\/h2>\n  <p style=\"color:#666;line-height:1.6;\">\n    Our content is informative and intended for a general audience. We do not intentionally collect data from children without verifiable parental\/guardian consent. <strong>we do not display personalized advertising to minors<\/strong>If you identify improper collection, please contact us for removal.\n  <\/p>\n\n  <!-- 10. Sites de terceiros -->\n  <h2 style=\"font-size:1.5rem;color:#c17b65;margin-top:2rem;\">10. Third-party links<\/h2>\n  <p style=\"color:#666;line-height:1.6;\">\n    We may link to third-party websites. We have no control over their practices and policies. We recommend reading the privacy policies of these websites before providing any data.\n  <\/p>\n\n  <!-- 11. Atualiza\u00e7\u00f5es -->\n  <h2 style=\"font-size:1.5rem;color:#c17b65;margin-top:2rem;\">11. Changes to this policy<\/h2>\n  <p style=\"color:#666;line-height:1.6;\">\n    We may update this policy to reflect legal or operational changes. The current version will always be published on this page, along with the date of its last update.\n  <\/p>\n\n  <!-- 12. Contato -->\n  <h2 style=\"font-size:1.5rem;color:#c17b65;margin-top:2rem;\">12. How to contact us<\/h2>\n  <p style=\"color:#666;line-height:1.6;\">\n    Questions, LGPD requests or complaints: \n    <a href=\"mailto:contato@autistandopelomundo.com\" style=\"color:#f29c3e;text-decoration:underline;\">contato@autistandopelomundo.com<\/a> \n    or \n    <a href=\"https:\/\/autistandopelomundo.com\/en\/contact\/\" style=\"color:#f29c3e;text-decoration:underline;font-weight:bold;\">contact form<\/a>.\n  <\/p>\n\n  <!-- 13. Apoio financeiro -->\n  <h2 style=\"font-size:1.5rem;color:#c17b65;margin-top:2rem;\">13. Financial support and donations<\/h2>\n  <p style=\"color:#666;line-height:1.6;\">\n    We maintain a page on our website entitled <strong>Support<\/strong>, in which we make data available for voluntary contributions via <strong>PIX<\/strong>We do not collect or store supporters&#039; banking information. All transactions are conducted directly between the user and their financial institution.\n  <\/p>\n  <p style=\"color:#666;line-height:1.6;\">\n    If the user voluntarily sends any proof or message through the contact form, this data will be treated in accordance with this Privacy Policy.\n  <\/p>\n\n  <!-- 14. Compras de produtos -->\n  <h2 style=\"font-size:1.5rem;color:#c17b65;margin-top:2rem;\">14. Purchases of e-books and digital products<\/h2>\n  <p style=\"color:#666;line-height:1.6;\">\n    When you purchase our e-books or other digital products, we may ask you for data such as \n    <strong>name<\/strong> and <strong>e-mail<\/strong> for delivery of materials and communication purposes. Payment processing is carried out by third-party platforms (e.g., PagSeguro, Mercado Pago, PayPal, Hotmart, Strapi, Sympla), which are responsible for all financial information processing. We do not store credit card or bank details on our website.\n  <\/p>\n\n  <p style=\"color:#999;font-size:.9rem;margin-top:3rem;text-align:right;\">\n    Last updated: October 2025\n  <\/p>\n<\/section>\n<\/div><\/div>\n\n\n\n<p><\/p>","protected":false},"excerpt":{"rendered":"<p>Pol\u00edtica de Privacidade | Autistando pelo Mundo Esta Pol\u00edtica de Privacidade descreve como o Autistando pelo Mundo (autistandopelomundo.com) coleta, trata e protege dados pessoais de visitantes e usu\u00e1rios, em conformidade com a Lei Geral de Prote\u00e7\u00e3o de Dados (LGPD \u2013 Lei n\u00ba 13.709\/2018) e com as pol\u00edticas obrigat\u00f3rias do Google para AdSense e Analytics. 1. [&hellip;]<\/p>","protected":false},"author":1,"featured_media":0,"parent":0,"menu_order":0,"comment_status":"closed","ping_status":"open","template":"","meta":{"om_disable_all_campaigns":false,"_uag_custom_page_level_css":"","_monsterinsights_skip_tracking":false,"_monsterinsights_sitenote_active":false,"_monsterinsights_sitenote_note":"","_monsterinsights_sitenote_category":0,"site-sidebar-layout":"default","site-content-layout":"","ast-site-content-layout":"default","site-content-style":"default","site-sidebar-style":"default","ast-global-header-display":"","ast-banner-title-visibility":"","ast-main-header-display":"","ast-hfb-above-header-display":"","ast-hfb-below-header-display":"","ast-hfb-mobile-header-display":"","site-post-title":"disabled","ast-breadcrumbs-content":"","ast-featured-img":"","footer-sml-layout":"","theme-transparent-header-meta":"","adv-header-id-meta":"","stick-header-meta":"","header-above-stick-meta":"","header-main-stick-meta":"","header-below-stick-meta":"","astra-migrate-meta-layouts":"set","ast-page-background-enabled":"default","ast-page-background-meta":{"desktop":{"background-color":"","background-image":"","background-repeat":"repeat","background-position":"center center","background-size":"auto","background-attachment":"scroll","background-type":"","background-media":"","overlay-type":"","overlay-color":"","overlay-opacity":"","overlay-gradient":""},"tablet":{"background-color":"","background-image":"","background-repeat":"repeat","background-position":"center center","background-size":"auto","background-attachment":"scroll","background-type":"","background-media":"","overlay-type":"","overlay-color":"","overlay-opacity":"","overlay-gradient":""},"mobile":{"background-color":"","background-image":"","background-repeat":"repeat","background-position":"center center","background-size":"auto","background-attachment":"scroll","background-type":"","background-media":"","overlay-type":"","overlay-color":"","overlay-opacity":"","overlay-gradient":""}},"ast-content-background-meta":{"desktop":{"background-color":"var(--ast-global-color-5)","background-image":"","background-repeat":"repeat","background-position":"center center","background-size":"auto","background-attachment":"scroll","background-type":"","background-media":"","overlay-type":"","overlay-color":"","overlay-opacity":"","overlay-gradient":""},"tablet":{"background-color":"var(--ast-global-color-5)","background-image":"","background-repeat":"repeat","background-position":"center center","background-size":"auto","background-attachment":"scroll","background-type":"","background-media":"","overlay-type":"","overlay-color":"","overlay-opacity":"","overlay-gradient":""},"mobile":{"background-color":"var(--ast-global-color-5)","background-image":"","background-repeat":"repeat","background-position":"center center","background-size":"auto","background-attachment":"scroll","background-type":"","background-media":"","overlay-type":"","overlay-color":"","overlay-opacity":"","overlay-gradient":""}},"footnotes":""},"class_list":["post-3","page","type-page","status-publish","hentry"],"yoast_head":"<!-- This site is optimized with the Yoast SEO plugin v26.0 - https:\/\/yoast.com\/wordpress\/plugins\/seo\/ -->\n<title>Pol\u00edtica de Privacidade | Autistando pelo Mundo<\/title>\n<meta name=\"description\" content=\"Saiba como protegemos seus dados no site Autistando pelo Mundo. Veja nossa pol\u00edtica de privacidade completa e tire suas d\u00favidas.\" \/>\n<meta name=\"robots\" content=\"index, follow, max-snippet:-1, max-image-preview:large, max-video-preview:-1\" \/>\n<link rel=\"canonical\" href=\"https:\/\/autistandopelomundo.com\/en\/privacy-policy\/\" \/>\n<meta property=\"og:locale\" content=\"en_US\" \/>\n<meta property=\"og:type\" content=\"article\" \/>\n<meta property=\"og:title\" content=\"Pol\u00edtica de Privacidade | Autistando pelo Mundo\" \/>\n<meta property=\"og:description\" content=\"Saiba como protegemos seus dados no site Autistando pelo Mundo. Veja nossa pol\u00edtica de privacidade completa e tire suas d\u00favidas.\" \/>\n<meta property=\"og:url\" content=\"https:\/\/autistandopelomundo.com\/en\/privacy-policy\/\" \/>\n<meta property=\"og:site_name\" content=\"autistandopelomundo.com\" \/>\n<meta property=\"article:publisher\" content=\"https:\/\/www.facebook.com\/share\/19NpuEeVon\/&quot; target=&quot;_blank\" \/>\n<meta property=\"article:modified_time\" content=\"2025-10-02T12:10:02+00:00\" \/>\n<meta name=\"twitter:card\" content=\"summary_large_image\" \/>\n<meta name=\"twitter:label1\" content=\"Est. reading time\" \/>\n\t<meta name=\"twitter:data1\" content=\"5 minutes\" \/>\n<script type=\"application\/ld+json\" class=\"yoast-schema-graph\">{\"@context\":\"https:\/\/schema.org\",\"@graph\":[{\"@type\":\"WebPage\",\"@id\":\"https:\/\/autistandopelomundo.com\/privacy-policy\/\",\"url\":\"https:\/\/autistandopelomundo.com\/privacy-policy\/\",\"name\":\"Pol\u00edtica de Privacidade | Autistando pelo Mundo\",\"isPartOf\":{\"@id\":\"https:\/\/autistandopelomundo.com\/pt_br\/#website\"},\"datePublished\":\"2025-06-11T12:28:48+00:00\",\"dateModified\":\"2025-10-02T12:10:02+00:00\",\"description\":\"Saiba como protegemos seus dados no site Autistando pelo Mundo. Veja nossa pol\u00edtica de privacidade completa e tire suas d\u00favidas.\",\"breadcrumb\":{\"@id\":\"https:\/\/autistandopelomundo.com\/privacy-policy\/#breadcrumb\"},\"inLanguage\":\"en-US\",\"potentialAction\":[{\"@type\":\"ReadAction\",\"target\":[\"https:\/\/autistandopelomundo.com\/privacy-policy\/\"]}]},{\"@type\":\"BreadcrumbList\",\"@id\":\"https:\/\/autistandopelomundo.com\/privacy-policy\/#breadcrumb\",\"itemListElement\":[{\"@type\":\"ListItem\",\"position\":1,\"name\":\"Home\",\"item\":\"https:\/\/autistandopelomundo.com\/\"},{\"@type\":\"ListItem\",\"position\":2,\"name\":\"Politica e Privacidade\"}]},{\"@type\":\"WebSite\",\"@id\":\"https:\/\/autistandopelomundo.com\/pt_br\/#website\",\"url\":\"https:\/\/autistandopelomundo.com\/pt_br\/\",\"name\":\"autistandopelomundo.com\",\"description\":\"\",\"publisher\":{\"@id\":\"https:\/\/autistandopelomundo.com\/pt_br\/#\/schema\/person\/86ed63624e4f7a13567af4b8d8bd20c6\"},\"potentialAction\":[{\"@type\":\"SearchAction\",\"target\":{\"@type\":\"EntryPoint\",\"urlTemplate\":\"https:\/\/autistandopelomundo.com\/pt_br\/?s={search_term_string}\"},\"query-input\":{\"@type\":\"PropertyValueSpecification\",\"valueRequired\":true,\"valueName\":\"search_term_string\"}}],\"inLanguage\":\"en-US\"},{\"@type\":[\"Person\",\"Organization\"],\"@id\":\"https:\/\/autistandopelomundo.com\/pt_br\/#\/schema\/person\/86ed63624e4f7a13567af4b8d8bd20c6\",\"name\":\"vitoriaahm@gmail.com\",\"image\":{\"@type\":\"ImageObject\",\"inLanguage\":\"en-US\",\"@id\":\"https:\/\/autistandopelomundo.com\/pt_br\/#\/schema\/person\/image\/\",\"url\":\"https:\/\/autistandopelomundo.com\/wp-content\/uploads\/2025\/06\/cropped-ChatGPT-Image-12-de-jun.-de-2025-10_18_21.png\",\"contentUrl\":\"https:\/\/autistandopelomundo.com\/wp-content\/uploads\/2025\/06\/cropped-ChatGPT-Image-12-de-jun.-de-2025-10_18_21.png\",\"width\":1058,\"height\":463,\"caption\":\"vitoriaahm@gmail.com\"},\"logo\":{\"@id\":\"https:\/\/autistandopelomundo.com\/pt_br\/#\/schema\/person\/image\/\"},\"sameAs\":[\"http:\/\/autistandopelomundo.com\",\"https:\/\/www.facebook.com\/share\/19NpuEeVon\/\\\" target=\\\"_blank\",\"https:\/\/www.instagram.com\/autistandopelomundo\/?igsh=bWdmaTd0aGsydDhj#\",\"https:\/\/pin.it\/76u8YFgMq\\\" target=\"]}]}<\/script>\n<!-- \/ Yoast SEO plugin. -->","yoast_head_json":{"title":"Privacy Policy | Autism Around the World","description":"Saiba como protegemos seus dados no site Autistando pelo Mundo. Veja nossa pol\u00edtica de privacidade completa e tire suas d\u00favidas.","robots":{"index":"index","follow":"follow","max-snippet":"max-snippet:-1","max-image-preview":"max-image-preview:large","max-video-preview":"max-video-preview:-1"},"canonical":"https:\/\/autistandopelomundo.com\/en\/privacy-policy\/","og_locale":"en_US","og_type":"article","og_title":"Pol\u00edtica de Privacidade | Autistando pelo Mundo","og_description":"Saiba como protegemos seus dados no site Autistando pelo Mundo. Veja nossa pol\u00edtica de privacidade completa e tire suas d\u00favidas.","og_url":"https:\/\/autistandopelomundo.com\/en\/privacy-policy\/","og_site_name":"autistandopelomundo.com","article_publisher":"https:\/\/www.facebook.com\/share\/19NpuEeVon\/\" target=\"_blank","article_modified_time":"2025-10-02T12:10:02+00:00","twitter_card":"summary_large_image","twitter_misc":{"Est. reading time":"5 minutes"},"schema":{"@context":"https:\/\/schema.org","@graph":[{"@type":"WebPage","@id":"https:\/\/autistandopelomundo.com\/privacy-policy\/","url":"https:\/\/autistandopelomundo.com\/privacy-policy\/","name":"Privacy Policy | Autism Around the World","isPartOf":{"@id":"https:\/\/autistandopelomundo.com\/pt_br\/#website"},"datePublished":"2025-06-11T12:28:48+00:00","dateModified":"2025-10-02T12:10:02+00:00","description":"Saiba como protegemos seus dados no site Autistando pelo Mundo. Veja nossa pol\u00edtica de privacidade completa e tire suas d\u00favidas.","breadcrumb":{"@id":"https:\/\/autistandopelomundo.com\/privacy-policy\/#breadcrumb"},"inLanguage":"en-US","potentialAction":[{"@type":"ReadAction","target":["https:\/\/autistandopelomundo.com\/privacy-policy\/"]}]},{"@type":"BreadcrumbList","@id":"https:\/\/autistandopelomundo.com\/privacy-policy\/#breadcrumb","itemListElement":[{"@type":"ListItem","position":1,"name":"Home","item":"https:\/\/autistandopelomundo.com\/"},{"@type":"ListItem","position":2,"name":"Politica e Privacidade"}]},{"@type":"WebSite","@id":"https:\/\/autistandopelomundo.com\/pt_br\/#website","url":"https:\/\/autistandopelomundo.com\/pt_br\/","name":"autistandopelomundo.com","description":"","publisher":{"@id":"https:\/\/autistandopelomundo.com\/pt_br\/#\/schema\/person\/86ed63624e4f7a13567af4b8d8bd20c6"},"potentialAction":[{"@type":"SearchAction","target":{"@type":"EntryPoint","urlTemplate":"https:\/\/autistandopelomundo.com\/pt_br\/?s={search_term_string}"},"query-input":{"@type":"PropertyValueSpecification","valueRequired":true,"valueName":"search_term_string"}}],"inLanguage":"en-US"},{"@type":["Person","Organization"],"@id":"https:\/\/autistandopelomundo.com\/pt_br\/#\/schema\/person\/86ed63624e4f7a13567af4b8d8bd20c6","name":"vitoriaahm@gmail.com","image":{"@type":"ImageObject","inLanguage":"en-US","@id":"https:\/\/autistandopelomundo.com\/pt_br\/#\/schema\/person\/image\/","url":"https:\/\/autistandopelomundo.com\/wp-content\/uploads\/2025\/06\/cropped-ChatGPT-Image-12-de-jun.-de-2025-10_18_21.png","contentUrl":"https:\/\/autistandopelomundo.com\/wp-content\/uploads\/2025\/06\/cropped-ChatGPT-Image-12-de-jun.-de-2025-10_18_21.png","width":1058,"height":463,"caption":"vitoriaahm@gmail.com"},"logo":{"@id":"https:\/\/autistandopelomundo.com\/pt_br\/#\/schema\/person\/image\/"},"sameAs":["http:\/\/autistandopelomundo.com","https:\/\/www.facebook.com\/share\/19NpuEeVon\/\" target=\"_blank","https:\/\/www.instagram.com\/autistandopelomundo\/?igsh=bWdmaTd0aGsydDhj#","https:\/\/pin.it\/76u8YFgMq\" target="]}]}},"uagb_featured_image_src":{"full":false,"thumbnail":false,"medium":false,"medium_large":false,"large":false,"1536x1536":false,"2048x2048":false,"trp-custom-language-flag":false},"uagb_author_info":{"display_name":"vitoriaahm@gmail.com","author_link":"https:\/\/autistandopelomundo.com\/en\/author\/vitoriaahmgmail-com\/"},"uagb_comment_info":0,"uagb_excerpt":"Pol\u00edtica de Privacidade | Autistando pelo Mundo Esta Pol\u00edtica de Privacidade descreve como o Autistando pelo Mundo (autistandopelomundo.com) coleta, trata e protege dados pessoais de visitantes e usu\u00e1rios, em conformidade com a Lei Geral de Prote\u00e7\u00e3o de Dados (LGPD \u2013 Lei n\u00ba 13.709\/2018) e com as pol\u00edticas obrigat\u00f3rias do Google para AdSense e Analytics. 1.&hellip;","_links":{"self":[{"href":"https:\/\/autistandopelomundo.com\/en\/wp-json\/wp\/v2\/pages\/3","targetHints":{"allow":["GET"]}}],"collection":[{"href":"https:\/\/autistandopelomundo.com\/en\/wp-json\/wp\/v2\/pages"}],"about":[{"href":"https:\/\/autistandopelomundo.com\/en\/wp-json\/wp\/v2\/types\/page"}],"author":[{"embeddable":true,"href":"https:\/\/autistandopelomundo.com\/en\/wp-json\/wp\/v2\/users\/1"}],"replies":[{"embeddable":true,"href":"https:\/\/autistandopelomundo.com\/en\/wp-json\/wp\/v2\/comments?post=3"}],"version-history":[{"count":7,"href":"https:\/\/autistandopelomundo.com\/en\/wp-json\/wp\/v2\/pages\/3\/revisions"}],"predecessor-version":[{"id":5645,"href":"https:\/\/autistandopelomundo.com\/en\/wp-json\/wp\/v2\/pages\/3\/revisions\/5645"}],"wp:attachment":[{"href":"https:\/\/autistandopelomundo.com\/en\/wp-json\/wp\/v2\/media?parent=3"}],"curies":[{"name":"wp","href":"https:\/\/api.w.org\/{rel}","templated":true}]}}